{"id":2046,"date":"2023-07-20T09:40:22","date_gmt":"2023-07-20T09:40:22","guid":{"rendered":"https:\/\/notariasanmiguel.es\/dienstleistungen\/"},"modified":"2023-07-20T09:40:27","modified_gmt":"2023-07-20T09:40:27","slug":"dienstleistungen","status":"publish","type":"page","link":"https:\/\/notariasanmiguel.es\/de\/dienstleistungen\/","title":{"rendered":"Dienstleistungen"},"content":{"rendered":"[vc_row type=&#8220;in_container&#8220; full_screen_row_position=&#8220;middle&#8220; column_margin=&#8220;default&#8220; column_direction=&#8220;default&#8220; column_direction_tablet=&#8220;default&#8220; column_direction_phone=&#8220;default&#8220; scene_position=&#8220;center&#8220; text_color=&#8220;dark&#8220; text_align=&#8220;left&#8220; row_border_radius=&#8220;none&#8220; row_border_radius_applies=&#8220;bg&#8220; overflow=&#8220;visible&#8220; overlay_strength=&#8220;0.3&#8243; gradient_direction=&#8220;left_to_right&#8220; shape_divider_position=&#8220;bottom&#8220; bg_image_animation=&#8220;none&#8220;][vc_column column_padding=&#8220;no-extra-padding&#8220; column_padding_tablet=&#8220;inherit&#8220; column_padding_phone=&#8220;inherit&#8220; column_padding_position=&#8220;all&#8220; column_element_spacing=&#8220;default&#8220; background_color_opacity=&#8220;1&#8243; background_hover_color_opacity=&#8220;1&#8243; column_shadow=&#8220;none&#8220; column_border_radius=&#8220;none&#8220; column_link_target=&#8220;_self&#8220; column_position=&#8220;default&#8220; gradient_direction=&#8220;left_to_right&#8220; overlay_strength=&#8220;0.3&#8243; width=&#8220;1\/4&#8243; tablet_width_inherit=&#8220;default&#8220; tablet_text_alignment=&#8220;default&#8220; phone_text_alignment=&#8220;default&#8220; animation_type=&#8220;default&#8220; bg_image_animation=&#8220;none&#8220; border_type=&#8220;simple&#8220; column_border_width=&#8220;none&#8220; column_border_style=&#8220;solid&#8220;][split_line_heading animation_type=&#8220;default&#8220;]\n<p style=\"text-align: justify;\"><span style=\"font-family: 'Times New Roman', Times;\">Unsere notariellen Dienstleistungen sind darauf ausgerichtet, Ihnen umfassende und sichere rechtliche L\u00f6sungen zu bieten. Mit der Erfahrung unserer gut ausgebildeten Notare bieten wir Ihnen die fachkundige Beratung und rechtliche Beurkundung, die Sie in einer Vielzahl von Bereichen ben\u00f6tigen. Ob in privaten oder gesch\u00e4ftlichen Angelegenheiten, wir helfen Ihnen, die G\u00fcltigkeit und Authentizit\u00e4t Ihrer Dokumente zu gew\u00e4hrleisten.<\/span><\/p>\n[\/split_line_heading][vc_row_inner column_margin=&#8220;default&#8220; column_direction=&#8220;default&#8220; column_direction_tablet=&#8220;default&#8220; column_direction_phone=&#8220;default&#8220; text_align=&#8220;left&#8220; row_position=&#8220;default&#8220; row_position_tablet=&#8220;inherit&#8220; row_position_phone=&#8220;inherit&#8220; overflow=&#8220;visible&#8220; pointer_events=&#8220;all&#8220;][vc_column_inner column_padding=&#8220;no-extra-padding&#8220; column_padding_tablet=&#8220;inherit&#8220; column_padding_phone=&#8220;inherit&#8220; column_padding_position=&#8220;all&#8220; column_element_spacing=&#8220;default&#8220; background_color_opacity=&#8220;1&#8243; background_hover_color_opacity=&#8220;1&#8243; column_shadow=&#8220;none&#8220; column_border_radius=&#8220;none&#8220; column_link_target=&#8220;_self&#8220; gradient_direction=&#8220;left_to_right&#8220; overlay_strength=&#8220;0.3&#8243; width=&#8220;1\/1&#8243; tablet_width_inherit=&#8220;default&#8220; animation_type=&#8220;default&#8220; bg_image_animation=&#8220;none&#8220; border_type=&#8220;simple&#8220; column_border_width=&#8220;none&#8220; column_border_style=&#8220;solid&#8220;][divider line_type=&#8220;No Line&#8220; custom_height=&#8220;40&#8243;][image_with_animation image_url=&#8220;1186&#8243; image_size=&#8220;full&#8220; animation_type=&#8220;entrance&#8220; animation=&#8220;Fade In&#8220; hover_animation=&#8220;none&#8220; alignment=&#8220;&#8220; border_radius=&#8220;none&#8220; box_shadow=&#8220;none&#8220; image_loading=&#8220;default&#8220; max_width=&#8220;100%&#8220; max_width_mobile=&#8220;default&#8220;][\/vc_column_inner][\/vc_row_inner][\/vc_column][vc_column column_padding=&#8220;no-extra-padding&#8220; column_padding_tablet=&#8220;inherit&#8220; column_padding_phone=&#8220;inherit&#8220; column_padding_position=&#8220;all&#8220; column_element_spacing=&#8220;default&#8220; background_color_opacity=&#8220;1&#8243; background_hover_color_opacity=&#8220;1&#8243; column_shadow=&#8220;none&#8220; column_border_radius=&#8220;none&#8220; column_link_target=&#8220;_self&#8220; column_position=&#8220;default&#8220; gradient_direction=&#8220;left_to_right&#8220; overlay_strength=&#8220;0.3&#8243; width=&#8220;3\/4&#8243; tablet_width_inherit=&#8220;default&#8220; tablet_text_alignment=&#8220;default&#8220; phone_text_alignment=&#8220;default&#8220; animation_type=&#8220;default&#8220; bg_image_animation=&#8220;none&#8220; border_type=&#8220;simple&#8220; column_border_width=&#8220;none&#8220; column_border_style=&#8220;solid&#8220;][toggles style=&#8220;default&#8220;][toggle color=&#8220;Accent-Color&#8220; title=&#8220;Allgemeine Vollmachten&#8220;][vc_column_text css_animation=&#8220;none&#8220;]\n<p style=\"text-align: justify;\"><span style=\"font-family: 'Times New Roman', Times;\">NOTWENDIGE UNTERLAGEN:<\/span><\/p>\n<ul>\n<li style=\"text-align: justify;\"><span style=\"font-family: 'Times New Roman', Times;\">AUSWEIS, NIE NUMMER oder PASS der Person, die die Vollmacht erteilt. Im Falle einer GESELLSCHAFT: Urkunden \u00fcber die Ernennung eines Nachlassverwalters oder eines Bevollm\u00e4chtigten.<\/span><\/li>\n<li style=\"text-align: justify;\"><span style=\"font-family: 'Times New Roman', Times;\">Angaben zu der Person, die die Vollmacht erh\u00e4lt.<\/span><\/li>\n<li style=\"text-align: justify;\"><span style=\"font-family: 'Times New Roman', Times;\">Wenn die Vollmacht so erteilt wird, dass sie auch im Falle der Gesch\u00e4ftsunf\u00e4higkeit des Vollmachtgebers fortbesteht, ist es erforderlich, Angaben zu seiner Geburtseintragung im Standesamt (Geburtsurkunde) zu machen.<\/span><\/li>\n<\/ul>\n[\/vc_column_text][\/toggle][toggle color=&#8220;Default&#8220; title=&#8220;Vollmachten (Rechtsstreitigkeiten)&#8220;][vc_column_text]\n<p style=\"text-align: justify;\"><strong><span style=\"font-family: 'Times New Roman', Times;\">NOTWENDIGE UNTERLAGEN:<\/span><\/strong><\/p>\n<ul>\n<li style=\"text-align: justify;\"><span style=\"font-family: 'Times New Roman', Times;\">AUSWEIS, NIE NUMMER oder PASS der Person, die die Vollmacht erteilt. Im Falle einer GESELLSCHAFT: Urkunden \u00fcber die Ernennung eines Nachlassverwalters oder eines Bevollm\u00e4chtigten.<\/span><\/li>\n<li style=\"text-align: justify;\"><span style=\"font-family: 'Times New Roman', Times;\">Angaben zu den RECHTSANW\u00c4LTEN UND\/ODER PROKURATOREN, denen die Vollmacht erteilt wird<\/span><\/li>\n<\/ul>\n[\/vc_column_text][\/toggle][toggle color=&#8220;Accent-Color&#8220; title=&#8220;Testamente&#8220;][vc_column_text]<strong><span style=\"font-family: 'Times New Roman', Times;\">NOTWENDIGE UNTERLAGEN:<\/span><\/strong><\/p>\n<ul>\n<li style=\"text-align: justify;\"><span style=\"font-family: 'Times New Roman', Times;\">AUSWEIS, NIE NUMMER oder PASS der Person, die das Testament verfasst.<\/span><\/li>\n<li style=\"text-align: justify;\"><span style=\"font-family: 'Times New Roman', Times;\">Angaben zu der\/den Person(en), die als Erben, Verm\u00e4chtnisnehmer, Vormund, Testamentsvollstrecker usw. eingesetzt werden sollen.<\/span><\/li>\n<\/ul>\n[\/vc_column_text][\/toggle][toggle color=&#8220;Default&#8220; title=&#8220;Heiratsvertr\u00e4ge&#8220;][vc_column_text]<span style=\"font-family: 'Times New Roman', Times;\">NOTWENDIGE UNTERLAGEN:<\/span><\/p>\n<ul>\n<li style=\"text-align: justify;\"><span style=\"font-family: 'Times New Roman', Times;\">AUSWEIS, NIE NUMMER oder PASS der Vertragsparteien oder Ehegatten.<\/span><\/li>\n<li style=\"text-align: justify;\"><span style=\"font-family: 'Times New Roman', Times;\">Wenn die Ehevertr\u00e4ge nach der Eheschlie\u00dfung geschlossen werden, das FAMILIENBUCH oder die Angaben zu ihrer EINTRAGUNG in das Standesamt (Heiratsurkunde).<\/span><\/li>\n<\/ul>\n[\/vc_column_text][\/toggle][toggle color=&#8220;Default&#8220; title=&#8220;Scheidung&#8220;][vc_column_text]\n<p style=\"text-align: justify;\"><span style=\"font-family: 'Times New Roman', Times;\">NOTWENDIGE UNTERLAGEN:<\/span><\/p>\n<ul>\n<li style=\"text-align: justify;\"><span style=\"font-family: 'Times New Roman', Times;\">AUSWEIS, NIE NUMMER oder PASS der Vertragsparteien oder Ehegatten.<\/span><\/li>\n<li style=\"text-align: justify;\"><span style=\"font-family: 'Times New Roman', Times;\">Wenn die Ehevertr\u00e4ge nach der Eheschlie\u00dfung geschlossen werden, das FAMILIENBUCH oder die Angaben zu ihrer EINTRAGUNG in das Standesamt (Heiratsurkunde).<\/span><\/li>\n<\/ul>\n[\/vc_column_text][\/toggle][toggle color=&#8220;Default&#8220; title=&#8220;Heirat&#8220;][vc_column_text]\n<p style=\"text-align: justify;\"><span style=\"font-family: 'Times New Roman', Times; color: #000000;\">NOTWENDIGE UNTERLAGEN:<\/span><\/p>\n<ul>\n<li style=\"text-align: justify;\"><span style=\"font-family: 'Times New Roman', Times; color: #000000;\">AUSWEIS, NIE NUMMER oder PASS der zuk\u00fcftigen Ehegatten und zwei Zeugen.<\/span><\/li>\n<li style=\"text-align: justify;\"><span style=\"font-family: 'Times New Roman', Times; color: #000000;\">Zufriedenstellende Beendigung des vorherigen EHEVERFAHRENS, in dem festgestellt wird, dass die Vertragsparteien die Voraussetzungen f\u00fcr die Eheschlie\u00dfung miteinander erf\u00fcllen. Sie wird vom Standesamt bearbeitet.<\/span><\/li>\n<\/ul>\n[\/vc_column_text][\/toggle][toggle color=&#8220;Extra-Color-2&#8243; title=&#8220;Kauf und Verkauf einer Immobilie&#8220;][vc_column_text]\n<p style=\"text-align: justify;\"><span style=\"font-family: 'Times New Roman', Times; color: #000000;\">NOTWENDIGE UNTERLAGEN: <\/span><\/p>\n<ul style=\"text-align: justify;\">\n<li><span style=\"font-family: 'Times New Roman', Times; color: #000000;\">AUSWEIS, NIE NUMMER oder PASS von K\u00e4ufern und Verk\u00e4ufern. Sie alle m\u00fcssen \u00fcber NIF oder NIE verf\u00fcgen. Wenn einer von ihnen eine GESELLSCHAFT ist, Urkunden \u00fcber die Ernennung eines Verwalters oder Bevollm\u00e4chtigten.<\/span><\/li>\n<li><span style=\"font-family: 'Times New Roman', Times; color: #000000;\">Eigentumsurkunden und\/oder Nota Simple.<\/span><\/li>\n<li><span style=\"font-family: 'Times New Roman', Times; color: #000000;\">Letzte IBI Quittung.<\/span><\/li>\n<li><span style=\"font-family: 'Times New Roman', Times; color: #000000;\">Energieeffizienzzertifikat (au\u00dfer f\u00fcr l\u00e4ndliche Immobilien, Grundst\u00fccke und Parkpl\u00e4tze).<\/span><\/li>\n<li><span style=\"font-family: 'Times New Roman', Times; color: #000000;\">Bescheinigung \u00fcber den Schuldenstand der Eigent\u00fcmergemeinschaft, falls zutreffend.<\/span><\/li>\n<\/ul>\n<div class=\"container-wrap\">\n<div class=\"container main-content\"><\/div>\n<\/div>\n[\/vc_column_text][\/toggle][toggle color=&#8220;Default&#8220; title=&#8220;Hypothekendarlehen&#8220;][vc_column_text]\n<p style=\"text-align: justify;\"><span style=\"font-family: 'Times New Roman', Times; color: #000000;\">Der Kredit zum Kauf eines Hauses ist ein Vertrag, bei dem ein Finanzinstitut einer Person einen festen Geldbetrag zur Verf\u00fcgung stellt, der zusammen mit den Zinsen durch regelm\u00e4\u00dfige Zahlungen \u00fcber einen bestimmten Zeitraum zur\u00fcckgezahlt werden muss. Die Person, die das Geld erh\u00e4lt, garantiert dem Finanzinstitut die R\u00fcckzahlung, indem sie eine in ihrem Besitz befindliche Immobilie als Sicherheit anbietet.<\/span><\/p>\n<p style=\"text-align: justify;\"><span style=\"font-family: 'Times New Roman', Times; color: #000000;\">Nach dem Inkrafttreten des Gesetzes \u00fcber den Immobilienkredit ist es heute bei der Beantragung eines Hypothekendarlehens bei einer Bank unerl\u00e4sslich, nach der ersten Genehmigung des Gesch\u00e4fts durch die Bank die notarielle Transparenzerkl\u00e4rung vor einem Notar zu unterzeichnen.<\/span><\/p>\n<p style=\"text-align: justify;\"><span style=\"font-family: 'Times New Roman', Times; color: #000000;\">Dieser kostenlose Akt ist eine der wichtigsten Neuerungen, die mit dem oben genannten Gesetz eingef\u00fchrt wurden. Kreditnehmer, die eine Immobilie kaufen wollen, gehen zum Notar, um sich von ihm \u00fcber alle Punkte des Kredits, Zinsen, Laufzeit, Provisionen, Rabatte usw. beraten zu lassen. Dies ist von entscheidender Bedeutung, da kein Bankvertreter oder eine Agentur involviert ist und die Kunden dem Notar alle Fragen stellen k\u00f6nnen, die sie m\u00f6glicherweise haben, einschlie\u00dflich der steuerlichen Auswirkungen, Einkommenssteuererleichterungen usw.<\/span><\/p>\n<p style=\"text-align: justify;\"><span style=\"font-family: 'Times New Roman', Times; color: #000000;\">Damit soll sichergestellt werden, dass die Kreditnehmer keine Zweifel an dem Darlehen haben, das sie Tage sp\u00e4ter zusammen mit dem Kauf unterzeichnen werden.<\/span><\/p>\n<p style=\"text-align: justify;\"><span style=\"font-family: 'Times New Roman', Times; color: #000000;\">Der Kunde kann den Notar frei w\u00e4hlen. Es gen\u00fcgt, der Bank den Namen des Notars mitzuteilen, der beraten werden soll, damit die Bank alle Unterlagen auf unsere Plattform hochladen kann. Ab dem Tag, an dem die Unterlagen hochgeladen werden, m\u00fcssen 11 Tage bis zur Unterzeichnung der Darlehensurkunde und der Kauf- und Verkaufsurkunde vergehen, und w\u00e4hrend dieser 11 Tage wird ein Termin beim Notar vereinbart, um die angegebene Beratung zu erhalten.<\/span><\/p>\n[\/vc_column_text][\/toggle][toggle color=&#8220;Default&#8220; title=&#8220;Erbschaften&#8220;][vc_column_text]\n<p style=\"text-align: justify;\"><span style=\"font-family: 'Times New Roman', Times; color: #000000;\">NOTWENDIGE UNTERLAGEN:<\/span><\/p>\n<ul>\n<li style=\"text-align: justify;\"><span style=\"font-family: 'Times New Roman', Times;\">AUSWEIS, NIE NUMMER oder PASS de des\/der ERBEN. Sie alle m\u00fcssen \u00fcber NIF oder NIE verf\u00fcgen. Wenn einer von ihnen eine GESELLSCHAFT ist, Urkunden \u00fcber die Ernennung eines Verwalters oder Bevollm\u00e4chtigten.\n<p><\/span><\/li>\n<li style=\"text-align: justify;\"><span style=\"font-family: 'Times New Roman', Times;\">DOKUMENTATION DER VERM\u00d6GENSWERTE DES VERSTORBENEN:<\/span>\n<ul>\n<li><span style=\"font-family: 'Times New Roman', Times;\">GELD und FINANZIELLES EIGENTUM: Es werden BANKZERTIFIKATE mit den Salden und Positionen zum Zeitpunkt des Todes vorgelegt.<\/span><\/li>\n<li><span style=\"font-family: 'Times New Roman', Times;\">Grundbesitz: Eigentumsurkunden und\/oder Nota Simple. Letzte IBI-Quittung.<\/span><\/li>\n<li><span style=\"font-family: 'Times New Roman', Times;\">BETEILIGUNGEN AN UNTERNEHMEN, FAHRZEUGEN und sonstigen BEWEGLICHEN SACHEN: die Eigentumsurkunde oder der Eigentumsnachweis; bei Fahrzeugen die Marke, das Modell und das amtliche Kennzeichen.\n<p><\/span><\/li>\n<\/ul>\n<\/li>\n<li style=\"text-align: justify;\"><span style=\"font-family: 'Times New Roman', Times;\">ERBENTITEL: Dies ist die Urkunde, in der festgelegt wird, wer der Erbe ist und in welchem Verh\u00e4ltnis. Das kann sein:<\/span><br \/>\n<span style=\"font-family: 'Times New Roman', Times;\">A) TESTAMENT: Die autorisierte Kopie wird zusammen mit der Sterbeurkunde und dem Testament des Verstorbenen ben\u00f6tigt.<\/span><br \/>\n<span style=\"font-family: 'Times New Roman', Times;\">B) AKT DER ERKL\u00c4RUNG DER ERBEN. Falls die Person ohne Testament gestorben ist. Se tramita previamente.<\/span><\/li>\n<\/ul>\n[\/vc_column_text][\/toggle][toggle color=&#8220;Default&#8220; title=&#8220;Gr\u00fcndung einer Gesellschaft mit beschr\u00e4nkter Haftung&#8220;][vc_column_text]\n<p style=\"text-align: justify;\"><span style=\"font-family: 'Times New Roman', Times; color: #000000;\">NOTWENDIGE UNTERLAGEN:<\/span><\/p>\n<ul>\n<li style=\"text-align: justify;\"><span style=\"font-family: 'Times New Roman', Times; color: #000000;\">AUSWEIS, NIE NUMMER oder PASS der konstituierenden Partner. Sie alle m\u00fcssen \u00fcber NIF oder NIE verf\u00fcgen. Wenn einer von ihnen eine GESELLSCHAFT ist, Urkunden \u00fcber die Ernennung eines Verwalters oder Bevollm\u00e4chtigten.<\/span><\/li>\n<li style=\"text-align: justify;\"><span style=\"font-family: 'Times New Roman', Times; color: #000000;\">STATUTEN: Wenn Sie es w\u00fcnschen, k\u00fcmmern wir uns um die Erstellung Ihrer Statuten.<\/span><\/li>\n<li style=\"text-align: justify;\"><span style=\"font-family: 'Times New Roman', Times; color: #000000;\">G\u00fcltige Namensbescheinigung auf den Namen eines Partners (wir k\u00f6nnen diese Bescheinigung f\u00fcr Sie besorgen).<\/span><\/li>\n<li style=\"text-align: justify;\"><span style=\"font-family: 'Times New Roman', Times; color: #000000;\">ANERKENNUNG VON BEITR\u00c4GEN:<\/span>\n<ul>\n<li><span style=\"font-family: 'Times New Roman', Times; color: #000000;\">Wenn GELD eingebracht wird: Bescheinigung einer Bank SPEZIAL F\u00dcR DIE GR\u00dcNDUNG DER GESELLSCHAFT bis maximal 2 Monate alt.<\/span><\/li>\n<li><span style=\"font-family: 'Times New Roman', Times; color: #000000;\">Wenn EIGENES EIGENTUM eingebracht wird: Eigentumsurkunde und\/oder Nota Simple. Letzte IBI-Quittung.<\/span><\/li>\n<li><span style=\"font-family: 'Times New Roman', Times; color: #000000;\">Wenn EIGENES EIGENTUM VORGESEHEN wird, ist die Beschreibung in der Urkunde, die Marke, das Modell, einschlie\u00dflich der Zulassungsdaten, falls vorhanden, ausreichend. Liegt eine Erwerbsurkunde vor, so ist diese vorzulegen.<\/span><\/li>\n<li><span style=\"font-family: 'Times New Roman', Times; color: #000000;\">Bei der Gr\u00fcndung einer Gesellschaft mit beschr\u00e4nkter Haftung muss eine Bescheinigung \u00fcber die Bewertung des eingebrachten Verm\u00f6gens vorgelegt werden.<\/span><\/li>\n<\/ul>\n<\/li>\n<\/ul>\n[\/vc_column_text][\/toggle][toggle color=&#8220;Default&#8220; title=&#8220;Spende&#8220;][vc_column_text]\n<p style=\"text-align: justify;\"><span style=\"font-family: 'Times New Roman', Times;\">NOTWENDIGE UNTERLAGEN:<\/span><\/p>\n<ul>\n<li style=\"text-align: justify;\"><span style=\"font-family: 'Times New Roman', Times;\">AUSWEIS, NIE NUMMER oder PASS des\/der Spender\/s und des\/der Beschenkten. Sie alle m\u00fcssen \u00fcber NIF oder NIE verf\u00fcgen. Wenn einer von ihnen eine GESELLSCHAFT ist, Urkunden \u00fcber die Ernennung eines Verwalters oder Bevollm\u00e4chtigten.<\/span><\/li>\n<li><span style=\"font-family: 'Times New Roman', Times;\">AKKREDITIERUNG DER SPENDE:<\/span>\n<ul>\n<li style=\"text-align: justify;\"><span style=\"font-family: 'Times New Roman', Times;\">Wenn GELD gespendet wird: Kopie des Bankschecks oder der Bescheinigung \u00fcber die \u00dcberweisung des Geldes mit Angabe der Soll- und Habenkonten. Au\u00dferdem muss in der Urkunde angegeben werden, woher die gespendeten Mittel stammen (Ersparnisse, Erbschaft, Verkauf von Waren usw.).<\/span><\/li>\n<li style=\"text-align: justify;\"><span style=\"font-family: 'Times New Roman', Times;\">Bei Schenkung von Immobilien: Eigentumsurkunde und\/oder Nota Simple. Letzte IBI-Quittung.<\/span><\/li>\n<li style=\"text-align: justify;\"><span style=\"font-family: 'Times New Roman', Times;\">Wenn beweglicher Besitz gespendet wird, Beschreibung, Marke, Modell, einschlie\u00dflich der Zulassungsdaten, falls vorhanden. In der Eigentumsurkunde muss der Titel des Erwerbs angegeben sein.<\/span><\/li>\n<\/ul>\n<\/li>\n<\/ul>\n[\/vc_column_text][\/toggle][toggle color=&#8220;Default&#8220; title=&#8220;Andere&#8220;][vc_column_text]<strong><span style=\"font-family: 'Times New Roman', Times; color: #000000;\">Alle Arten von Handelspolicen, z. B:<\/span><\/strong><\/p>\n<ul>\n<li><span style=\"font-family: 'Times New Roman', Times;\">Pers\u00f6nliche Darlehen<\/span><\/li>\n<li><span style=\"font-family: 'Times New Roman', Times;\">B\u00fcrgschaften und R\u00fcck-B\u00fcrgschaften<\/span><\/li>\n<li><span style=\"font-family: 'Times New Roman', Times;\">Kreditlinien<\/span><\/li>\n<li><span style=\"font-family: 'Times New Roman', Times;\">Finanzierungsleasing<\/span><\/li>\n<li><span style=\"font-family: 'Times New Roman', Times;\">Absicherungskredit f\u00fcr Bankgesch\u00e4fte<\/span><\/li>\n<li><span style=\"font-family: 'Times New Roman', Times;\">Notarielle Beglaubigungen oder Bescheinigungen<\/span><\/li>\n<\/ul>\n[\/vc_column_text][\/toggle][\/toggles][\/vc_column][\/vc_row]\n","protected":false},"excerpt":{"rendered":"<p>[vc_row type=&#8220;in_container&#8220; full_screen_row_position=&#8220;middle&#8220; column_margin=&#8220;default&#8220; column_direction=&#8220;default&#8220; column_direction_tablet=&#8220;default&#8220; column_direction_phone=&#8220;default&#8220; scene_position=&#8220;center&#8220; text_color=&#8220;dark&#8220; text_align=&#8220;left&#8220; row_border_radius=&#8220;none&#8220; row_border_radius_applies=&#8220;bg&#8220; overflow=&#8220;visible&#8220; overlay_strength=&#8220;0.3&#8243; gradient_direction=&#8220;left_to_right&#8220; shape_divider_position=&#8220;bottom&#8220; bg_image_animation=&#8220;none&#8220;][vc_column column_padding=&#8220;no-extra-padding&#8220; column_padding_tablet=&#8220;inherit&#8220; column_padding_phone=&#8220;inherit&#8220; column_padding_position=&#8220;all&#8220; column_element_spacing=&#8220;default&#8220; background_color_opacity=&#8220;1&#8243; background_hover_color_opacity=&#8220;1&#8243; column_shadow=&#8220;none&#8220; column_border_radius=&#8220;none&#8220; column_link_target=&#8220;_self&#8220; column_position=&#8220;default&#8220; gradient_direction=&#8220;left_to_right&#8220; overlay_strength=&#8220;0.3&#8243;&#8230;<\/p>\n","protected":false},"author":2,"featured_media":0,"parent":0,"menu_order":0,"comment_status":"closed","ping_status":"closed","template":"","meta":{"om_disable_all_campaigns":false,"_monsterinsights_skip_tracking":false,"_monsterinsights_sitenote_active":false,"_monsterinsights_sitenote_note":"","_monsterinsights_sitenote_category":0,"footnotes":""},"class_list":["post-2046","page","type-page","status-publish"],"aioseo_notices":[],"_links":{"self":[{"href":"https:\/\/notariasanmiguel.es\/de\/wp-json\/wp\/v2\/pages\/2046","targetHints":{"allow":["GET"]}}],"collection":[{"href":"https:\/\/notariasanmiguel.es\/de\/wp-json\/wp\/v2\/pages"}],"about":[{"href":"https:\/\/notariasanmiguel.es\/de\/wp-json\/wp\/v2\/types\/page"}],"author":[{"embeddable":true,"href":"https:\/\/notariasanmiguel.es\/de\/wp-json\/wp\/v2\/users\/2"}],"replies":[{"embeddable":true,"href":"https:\/\/notariasanmiguel.es\/de\/wp-json\/wp\/v2\/comments?post=2046"}],"version-history":[{"count":5,"href":"https:\/\/notariasanmiguel.es\/de\/wp-json\/wp\/v2\/pages\/2046\/revisions"}],"predecessor-version":[{"id":2051,"href":"https:\/\/notariasanmiguel.es\/de\/wp-json\/wp\/v2\/pages\/2046\/revisions\/2051"}],"wp:attachment":[{"href":"https:\/\/notariasanmiguel.es\/de\/wp-json\/wp\/v2\/media?parent=2046"}],"curies":[{"name":"wp","href":"https:\/\/api.w.org\/{rel}","templated":true}]}}