{"id":1997,"date":"2023-07-20T07:53:51","date_gmt":"2023-07-20T07:53:51","guid":{"rendered":"https:\/\/notariasanmiguel.es\/notariatsbuero-ueber-uns\/"},"modified":"2025-11-18T12:14:07","modified_gmt":"2025-11-18T12:14:07","slug":"notariatsbuero-ueber-uns","status":"publish","type":"page","link":"https:\/\/notariasanmiguel.es\/de\/notariatsbuero-ueber-uns\/","title":{"rendered":"Notariatsb\u00fcro &#8211; \u00dcber uns"},"content":{"rendered":"[vc_row type=&#8220;in_container&#8220; full_screen_row_position=&#8220;middle&#8220; column_margin=&#8220;default&#8220; column_direction=&#8220;default&#8220; column_direction_tablet=&#8220;default&#8220; column_direction_phone=&#8220;default&#8220; scene_position=&#8220;center&#8220; text_color=&#8220;dark&#8220; text_align=&#8220;left&#8220; row_border_radius=&#8220;none&#8220; row_border_radius_applies=&#8220;bg&#8220; overflow=&#8220;visible&#8220; overlay_strength=&#8220;0.3&#8243; gradient_direction=&#8220;left_to_right&#8220; shape_divider_position=&#8220;bottom&#8220; bg_image_animation=&#8220;none&#8220;][vc_column column_padding=&#8220;no-extra-padding&#8220; column_padding_tablet=&#8220;inherit&#8220; column_padding_phone=&#8220;inherit&#8220; column_padding_position=&#8220;all&#8220; column_element_spacing=&#8220;default&#8220; background_color_opacity=&#8220;1&#8243; background_hover_color_opacity=&#8220;1&#8243; column_shadow=&#8220;none&#8220; column_border_radius=&#8220;none&#8220; column_link_target=&#8220;_self&#8220; column_position=&#8220;default&#8220; gradient_direction=&#8220;left_to_right&#8220; overlay_strength=&#8220;0.3&#8243; width=&#8220;1\/3&#8243; tablet_width_inherit=&#8220;default&#8220; tablet_text_alignment=&#8220;default&#8220; phone_text_alignment=&#8220;default&#8220; animation_type=&#8220;default&#8220; bg_image_animation=&#8220;none&#8220; border_type=&#8220;simple&#8220; column_border_width=&#8220;none&#8220; column_border_style=&#8220;solid&#8220;][divider line_type=&#8220;No Line&#8220;][vc_gallery type=&#8220;nectarslider_style&#8220; images=&#8220;1201,1205&#8243; image_loading=&#8220;default&#8220; flexible_slider_height=&#8220;true&#8220; bullet_navigation_style=&#8220;see_through&#8220; onclick=&#8220;link_image&#8220;][\/vc_column][vc_column column_padding=&#8220;no-extra-padding&#8220; column_padding_tablet=&#8220;inherit&#8220; column_padding_phone=&#8220;inherit&#8220; column_padding_position=&#8220;all&#8220; column_element_spacing=&#8220;default&#8220; background_color_opacity=&#8220;1&#8243; background_hover_color_opacity=&#8220;1&#8243; column_shadow=&#8220;none&#8220; column_border_radius=&#8220;none&#8220; column_link_target=&#8220;_self&#8220; column_position=&#8220;default&#8220; gradient_direction=&#8220;left_to_right&#8220; overlay_strength=&#8220;0.3&#8243; width=&#8220;1\/3&#8243; tablet_width_inherit=&#8220;default&#8220; tablet_text_alignment=&#8220;default&#8220; phone_text_alignment=&#8220;default&#8220; animation_type=&#8220;default&#8220; bg_image_animation=&#8220;none&#8220; border_type=&#8220;simple&#8220; column_border_width=&#8220;none&#8220; column_border_style=&#8220;solid&#8220;][divider line_type=&#8220;No Line&#8220;][split_line_heading animation_type=&#8220;default&#8220;]\n<p style=\"text-align: justify;\"><span style=\"font-family: 'Times New Roman', Times; color: #000000;\">Unser Notariat befindet sich im Herzen des historischen Zentrums der charmanten Stadt Palma und ist ein echtes Symbol f\u00fcr Exzellenz und Zuverl\u00e4ssigkeit im juristischen Bereich. Mit einem so bedeutenden Standort sind wir stolz darauf, Teil der reichen Geschichte dieser Stadt zu sein und gleichzeitig einen Notariatsdienst anzubieten, der an die Bed\u00fcrfnisse der Gegenwart angepasst ist. <\/span><\/p>\n<p>&nbsp;<\/p>\n<p style=\"text-align: justify;\"><span style=\"font-family: 'Times New Roman', Times; color: #000000;\">Bei uns finden Sie ein Team von qualifizierten und engagierten Fachleuten, die bereit sind, Ihnen rechtliche L\u00f6sungen f\u00fcr jede Ihrer Herausforderungen zu bieten. Beratung in Erbschaftsangelegenheiten, beim Kauf und Verkauf von Immobilien, bei der Gr\u00fcndung von Unternehmen und in allen anderen rechtlichen Fragen. Unser pers\u00f6nlicher Einsatz gew\u00e4hrleistet, dass Sie die Aufmerksamkeit und Betreuung erhalten, die Sie verdienen.<\/span><\/p>\n[\/split_line_heading][\/vc_column][vc_column column_padding=&#8220;no-extra-padding&#8220; column_padding_tablet=&#8220;inherit&#8220; column_padding_phone=&#8220;inherit&#8220; column_padding_position=&#8220;all&#8220; column_element_spacing=&#8220;default&#8220; background_color_opacity=&#8220;1&#8243; background_hover_color_opacity=&#8220;1&#8243; column_shadow=&#8220;none&#8220; column_border_radius=&#8220;none&#8220; column_link_target=&#8220;_self&#8220; column_position=&#8220;default&#8220; gradient_direction=&#8220;left_to_right&#8220; overlay_strength=&#8220;0.3&#8243; width=&#8220;1\/3&#8243; tablet_width_inherit=&#8220;default&#8220; tablet_text_alignment=&#8220;default&#8220; phone_text_alignment=&#8220;default&#8220; animation_type=&#8220;default&#8220; bg_image_animation=&#8220;none&#8220; border_type=&#8220;simple&#8220; column_border_width=&#8220;none&#8220; column_border_style=&#8220;solid&#8220;][divider line_type=&#8220;No Line&#8220;][vc_gallery type=&#8220;nectarslider_style&#8220; images=&#8220;1854,1971,1975&#8243; image_loading=&#8220;default&#8220; bullet_navigation_style=&#8220;see_through&#8220; onclick=&#8220;link_no&#8220;][\/vc_column][\/vc_row][vc_row type=&#8220;in_container&#8220; full_screen_row_position=&#8220;middle&#8220; column_margin=&#8220;default&#8220; column_direction=&#8220;default&#8220; column_direction_tablet=&#8220;default&#8220; column_direction_phone=&#8220;default&#8220; scene_position=&#8220;center&#8220; text_color=&#8220;dark&#8220; text_align=&#8220;left&#8220; row_border_radius=&#8220;none&#8220; row_border_radius_applies=&#8220;bg&#8220; overflow=&#8220;visible&#8220; overlay_strength=&#8220;0.3&#8243; gradient_direction=&#8220;left_to_right&#8220; shape_divider_position=&#8220;bottom&#8220; bg_image_animation=&#8220;none&#8220;][vc_column column_padding=&#8220;no-extra-padding&#8220; column_padding_tablet=&#8220;inherit&#8220; column_padding_phone=&#8220;inherit&#8220; column_padding_position=&#8220;all&#8220; column_element_spacing=&#8220;default&#8220; background_color_opacity=&#8220;1&#8243; background_hover_color_opacity=&#8220;1&#8243; column_shadow=&#8220;none&#8220; column_border_radius=&#8220;none&#8220; column_link_target=&#8220;_self&#8220; column_position=&#8220;default&#8220; gradient_direction=&#8220;left_to_right&#8220; overlay_strength=&#8220;0.3&#8243; width=&#8220;1\/3&#8243; tablet_width_inherit=&#8220;default&#8220; tablet_text_alignment=&#8220;default&#8220; phone_text_alignment=&#8220;default&#8220; animation_type=&#8220;default&#8220; bg_image_animation=&#8220;none&#8220; border_type=&#8220;simple&#8220; column_border_width=&#8220;none&#8220; column_border_style=&#8220;solid&#8220;][vc_text_separator title=&#8220;\u00d6ffnungszeiten&#8220; i_type=&#8220;typicons&#8220; i_icon_typicons=&#8220;typcn typcn-time&#8220; i_color=&#8220;black&#8220; color=&#8220;black&#8220; add_icon=&#8220;true&#8220;][vc_column_text]\n<p style=\"text-align: center;\"><span style=\"text-decoration: underline;\"><span style=\"font-family: 'Times New Roman', Times;\">Winterzeit (Oktober-Mai):<\/span><\/span><\/p>\n<p style=\"text-align: center;\"><span style=\"font-family: 'Times New Roman', Times;\">Montag, Mittwoch und Freitag: 09:00 bis 14:00 Uhr und Dienstag und Donnerstag von 09:00 bis 14:00 Uhr und von 17:00 bis 19:00 Uhr.<\/span><\/p>\n<p>&nbsp;<\/p>\n<p style=\"text-align: center;\"><span style=\"font-family: 'Times New Roman', Times;\"><span style=\"text-decoration: underline;\">Sommerzeit (Juni-September):<\/span> <\/span><\/p>\n<p style=\"text-align: center;\"><span style=\"font-family: 'Times New Roman', Times;\">Montag, Dienstag, Mittwoch und Freitag: 09:00 bis 14:00 Uhr und Donnerstag von 09:00 bis 14:00 Uhr und von 17:00 bis 19:00 Uhr.<\/span><\/p>\n[\/vc_column_text][\/vc_column][vc_column column_padding=&#8220;no-extra-padding&#8220; column_padding_tablet=&#8220;inherit&#8220; column_padding_phone=&#8220;inherit&#8220; column_padding_position=&#8220;all&#8220; column_element_spacing=&#8220;default&#8220; background_color_opacity=&#8220;1&#8243; background_hover_color_opacity=&#8220;1&#8243; column_shadow=&#8220;none&#8220; column_border_radius=&#8220;none&#8220; column_link_target=&#8220;_self&#8220; column_position=&#8220;default&#8220; gradient_direction=&#8220;left_to_right&#8220; overlay_strength=&#8220;0.3&#8243; width=&#8220;1\/3&#8243; tablet_width_inherit=&#8220;default&#8220; tablet_text_alignment=&#8220;default&#8220; phone_text_alignment=&#8220;default&#8220; animation_type=&#8220;default&#8220; bg_image_animation=&#8220;none&#8220; border_type=&#8220;simple&#8220; column_border_width=&#8220;none&#8220; column_border_style=&#8220;solid&#8220;][divider line_type=&#8220;No Line&#8220; custom_height=&#8220;5&#8243;][image_with_animation image_url=&#8220;1979&#8243; image_size=&#8220;medium_large&#8220; animation_type=&#8220;entrance&#8220; animation=&#8220;Fade In&#8220; hover_animation=&#8220;none&#8220; alignment=&#8220;&#8220; border_radius=&#8220;none&#8220; box_shadow=&#8220;none&#8220; image_loading=&#8220;default&#8220; max_width=&#8220;100%&#8220; max_width_mobile=&#8220;default&#8220;][\/vc_column][vc_column column_padding=&#8220;no-extra-padding&#8220; column_padding_tablet=&#8220;inherit&#8220; column_padding_phone=&#8220;inherit&#8220; column_padding_position=&#8220;all&#8220; column_element_spacing=&#8220;default&#8220; background_color_opacity=&#8220;1&#8243; background_hover_color_opacity=&#8220;1&#8243; column_shadow=&#8220;none&#8220; column_border_radius=&#8220;none&#8220; column_link_target=&#8220;_self&#8220; column_position=&#8220;default&#8220; gradient_direction=&#8220;left_to_right&#8220; overlay_strength=&#8220;0.3&#8243; width=&#8220;1\/3&#8243; tablet_width_inherit=&#8220;default&#8220; tablet_text_alignment=&#8220;default&#8220; phone_text_alignment=&#8220;default&#8220; animation_type=&#8220;default&#8220; bg_image_animation=&#8220;none&#8220; border_type=&#8220;simple&#8220; column_border_width=&#8220;none&#8220; column_border_style=&#8220;solid&#8220;][vc_text_separator title=&#8220;Standort&#8220; i_type=&#8220;typicons&#8220; i_icon_typicons=&#8220;typcn typcn-location-outline&#8220; i_color=&#8220;black&#8220; color=&#8220;black&#8220; add_icon=&#8220;true&#8220;][vc_raw_html]JTNDZGl2JTIwc3R5bGUlM0QlMjJ0ZXh0LWRlY29yYXRpb24lM0Fub25lJTNCJTIwb3ZlcmZsb3clM0FoaWRkZW4lM0JtYXgtd2lkdGglM0ExMDAlMjUlM0J3aWR0aCUzQTQwMHB4JTNCaGVpZ2h0JTNBNDQwcHglM0IlMjIlM0UlM0NkaXYlMjBpZCUzRCUyMm15LW1hcC1kaXNwbGF5JTIyJTIwc3R5bGUlM0QlMjJoZWlnaHQlM0ExMDAlMjUlM0IlMjB3aWR0aCUzQTEwMCUyNSUzQm1heC13aWR0aCUzQTEwMCUyNSUzQiUyMiUzRSUzQ2lmcmFtZSUyMHN0eWxlJTNEJTIyaGVpZ2h0JTNBMTAwJTI1JTNCd2lkdGglM0ExMDAlMjUlM0Jib3JkZXIlM0EwJTNCJTIyJTIwZnJhbWVib3JkZXIlM0QlMjIwJTIyJTIwc3JjJTNEJTIyaHR0cHMlM0ElMkYlMkZ3d3cuZ29vZ2xlLmNvbSUyRm1hcHMlMkZlbWJlZCUyRnYxJTJGcGxhY2UlM0ZxJTNEQ2FycmVyJTJCZGUlMkJTYW50JTJCTWlxdWVsJTJDJTJCMjglMkMlMkJQYWxtYSUyQyUyQkVzcGElQzMlQjFhJTI2a2V5JTNEQUl6YVN5QkZ3MFFieXE5elRGVGQtdFVZNmRaV1RnYVF6dVUxN1I4JTIyJTNFJTNDJTJGaWZyYW1lJTNFJTNDJTJGZGl2JTNFJTNDYSUyMGNsYXNzJTNEJTIyZ29vZ2xlbWFwcy1tYWRlJTIyJTIwaHJlZiUzRCUyMmh0dHBzJTNBJTJGJTJGd3d3LmJvb3RzdHJhcHNraW5zLmNvbSUyRnRoZW1lcyUyMiUyMGlkJTNEJTIyZ3JhYi1tYXBzLWF1dGhvcml6YXRpb24lMjIlM0VwcmVtaXVtJTIwYm9vdHN0cmFwJTIwdGhlbWVzJTNDJTJGYSUzRSUzQ3N0eWxlJTNFJTIzbXktbWFwLWRpc3BsYXklMjBpbWclN0JtYXgtd2lkdGglM0Fub25lJTIxaW1wb3J0YW50JTNCYmFja2dyb3VuZCUzQW5vbmUlMjFpbXBvcnRhbnQlM0Jmb250LXNpemUlM0ElMjBpbmhlcml0JTNCZm9udC13ZWlnaHQlM0Fpbmhlcml0JTNCJTdEJTNDJTJGc3R5bGUlM0UlM0MlMkZkaXYlM0U=[\/vc_raw_html][\/vc_column][\/vc_row]\n","protected":false},"excerpt":{"rendered":"<p>[vc_row type=&#8220;in_container&#8220; full_screen_row_position=&#8220;middle&#8220; column_margin=&#8220;default&#8220; column_direction=&#8220;default&#8220; column_direction_tablet=&#8220;default&#8220; column_direction_phone=&#8220;default&#8220; scene_position=&#8220;center&#8220; text_color=&#8220;dark&#8220; text_align=&#8220;left&#8220; row_border_radius=&#8220;none&#8220; row_border_radius_applies=&#8220;bg&#8220; overflow=&#8220;visible&#8220; overlay_strength=&#8220;0.3&#8243; gradient_direction=&#8220;left_to_right&#8220; shape_divider_position=&#8220;bottom&#8220; bg_image_animation=&#8220;none&#8220;][vc_column column_padding=&#8220;no-extra-padding&#8220; column_padding_tablet=&#8220;inherit&#8220; column_padding_phone=&#8220;inherit&#8220; column_padding_position=&#8220;all&#8220; column_element_spacing=&#8220;default&#8220; background_color_opacity=&#8220;1&#8243; background_hover_color_opacity=&#8220;1&#8243; column_shadow=&#8220;none&#8220; column_border_radius=&#8220;none&#8220; column_link_target=&#8220;_self&#8220; column_position=&#8220;default&#8220; gradient_direction=&#8220;left_to_right&#8220; overlay_strength=&#8220;0.3&#8243;&#8230;<\/p>\n","protected":false},"author":2,"featured_media":0,"parent":0,"menu_order":0,"comment_status":"closed","ping_status":"closed","template":"","meta":{"om_disable_all_campaigns":false,"_monsterinsights_skip_tracking":false,"_monsterinsights_sitenote_active":false,"_monsterinsights_sitenote_note":"","_monsterinsights_sitenote_category":0,"footnotes":""},"class_list":["post-1997","page","type-page","status-publish"],"aioseo_notices":[],"_links":{"self":[{"href":"https:\/\/notariasanmiguel.es\/de\/wp-json\/wp\/v2\/pages\/1997","targetHints":{"allow":["GET"]}}],"collection":[{"href":"https:\/\/notariasanmiguel.es\/de\/wp-json\/wp\/v2\/pages"}],"about":[{"href":"https:\/\/notariasanmiguel.es\/de\/wp-json\/wp\/v2\/types\/page"}],"author":[{"embeddable":true,"href":"https:\/\/notariasanmiguel.es\/de\/wp-json\/wp\/v2\/users\/2"}],"replies":[{"embeddable":true,"href":"https:\/\/notariasanmiguel.es\/de\/wp-json\/wp\/v2\/comments?post=1997"}],"version-history":[{"count":6,"href":"https:\/\/notariasanmiguel.es\/de\/wp-json\/wp\/v2\/pages\/1997\/revisions"}],"predecessor-version":[{"id":2374,"href":"https:\/\/notariasanmiguel.es\/de\/wp-json\/wp\/v2\/pages\/1997\/revisions\/2374"}],"wp:attachment":[{"href":"https:\/\/notariasanmiguel.es\/de\/wp-json\/wp\/v2\/media?parent=1997"}],"curies":[{"name":"wp","href":"https:\/\/api.w.org\/{rel}","templated":true}]}}