{"id":1592,"date":"2022-10-26T16:21:08","date_gmt":"2022-10-26T16:21:08","guid":{"rendered":"http:\/\/notariasanmiguel.es\/constitucion-de-una-sociedad-limitada\/"},"modified":"2022-11-14T09:55:43","modified_gmt":"2022-11-14T09:55:43","slug":"gruendung-einer-gesellschaft-mit-beschraenkter-haftung","status":"publish","type":"page","link":"https:\/\/notariasanmiguel.es\/de\/gruendung-einer-gesellschaft-mit-beschraenkter-haftung\/","title":{"rendered":"Gr\u00fcndung einer Gesellschaft mit beschr\u00e4nkter Haftung"},"content":{"rendered":"[vc_row type=&#8220;full_width_content&#8220; full_screen_row_position=&#8220;middle&#8220; column_margin=&#8220;default&#8220; equal_height=&#8220;yes&#8220; content_placement=&#8220;middle&#8220; column_direction=&#8220;default&#8220; column_direction_tablet=&#8220;default&#8220; column_direction_phone=&#8220;default&#8220; bg_color=&#8220;#ffffff&#8220; scene_position=&#8220;center&#8220; top_padding=&#8220;4%&#8220; bottom_padding=&#8220;4%&#8220; text_color=&#8220;dark&#8220; text_align=&#8220;left&#8220; row_border_radius=&#8220;none&#8220; row_border_radius_applies=&#8220;bg&#8220; overflow=&#8220;visible&#8220; overlay_strength=&#8220;0.3&#8243; gradient_direction=&#8220;left_to_right&#8220; shape_divider_position=&#8220;bottom&#8220; bg_image_animation=&#8220;none&#8220; shape_type=&#8220;&#8220;][vc_column column_padding=&#8220;padding-10-percent&#8220; column_padding_tablet=&#8220;inherit&#8220; column_padding_phone=&#8220;inherit&#8220; column_padding_position=&#8220;all&#8220; column_element_spacing=&#8220;default&#8220; background_color_opacity=&#8220;1&#8243; background_hover_color_opacity=&#8220;1&#8243; column_shadow=&#8220;none&#8220; column_border_radius=&#8220;none&#8220; column_link_target=&#8220;_self&#8220; column_position=&#8220;default&#8220; gradient_direction=&#8220;left_to_right&#8220; overlay_strength=&#8220;0.3&#8243; width=&#8220;1\/2&#8243; tablet_width_inherit=&#8220;default&#8220; tablet_text_alignment=&#8220;default&#8220; phone_text_alignment=&#8220;default&#8220; animation_type=&#8220;default&#8220; bg_image_animation=&#8220;none&#8220; border_type=&#8220;simple&#8220; column_border_width=&#8220;none&#8220; column_border_style=&#8220;solid&#8220;][vc_row_inner column_margin=&#8220;default&#8220; column_direction=&#8220;default&#8220; column_direction_tablet=&#8220;default&#8220; column_direction_phone=&#8220;default&#8220; text_align=&#8220;left&#8220; row_position=&#8220;default&#8220; row_position_tablet=&#8220;inherit&#8220; row_position_phone=&#8220;inherit&#8220; overflow=&#8220;visible&#8220; pointer_events=&#8220;all&#8220;][vc_column_inner column_padding=&#8220;no-extra-padding&#8220; column_padding_tablet=&#8220;inherit&#8220; column_padding_phone=&#8220;inherit&#8220; column_padding_position=&#8220;all&#8220; column_element_spacing=&#8220;default&#8220; background_color_opacity=&#8220;1&#8243; background_hover_color_opacity=&#8220;1&#8243; column_shadow=&#8220;none&#8220; column_border_radius=&#8220;none&#8220; column_link_target=&#8220;_self&#8220; gradient_direction=&#8220;left_to_right&#8220; overlay_strength=&#8220;0.3&#8243; width=&#8220;1\/1&#8243; tablet_width_inherit=&#8220;default&#8220; animation_type=&#8220;default&#8220; enable_animation=&#8220;true&#8220; animation=&#8220;fade-in-from-bottom&#8220; bg_image_animation=&#8220;none&#8220; border_type=&#8220;simple&#8220; column_border_width=&#8220;none&#8220; column_border_style=&#8220;solid&#8220;][vc_column_text]\n<ul>\n<li>NOTWENDIGE UNTERLAGEN:\n<ul>\n<li>AUSWEIS, NIE NUMMER oder PASS der konstituierenden Partner. Sie alle m\u00fcssen \u00fcber NIF oder NIE verf\u00fcgen. Wenn einer von ihnen eine GESELLSCHAFT ist, Urkunden \u00fcber die Ernennung eines Verwalters oder Bevollm\u00e4chtigten.<\/li>\n<li>STATUTEN: Wenn Sie es w\u00fcnschen, k\u00fcmmern wir uns um die Erstellung Ihrer Statuten.<\/li>\n<li>G\u00fcltige Namensbescheinigung auf den Namen eines Partners (wir k\u00f6nnen diese Bescheinigung f\u00fcr Sie besorgen).<\/li>\n<li>ANERKENNUNG VON BEITR\u00c4GEN:\n<ul>\n<li>Wenn GELD eingebracht wird: Bescheinigung einer Bank SPEZIAL F\u00dcR DIE GR\u00dcNDUNG DER GESELLSCHAFT bis maximal 2 Monate alt.<\/li>\n<li>Wenn EIGENES EIGENTUM eingebracht wird: Eigentumsurkunde und\/oder Nota Simple. Letzte IBI Quittung.<\/li>\n<li>Wenn EIGENES EIGENTUM VORGESEHEN wird, ist die Beschreibung in der Urkunde, die Marke, das Modell, einschlie\u00dflich der Zulassungsdaten, falls vorhanden, ausreichend. Liegt eine Erwerbsurkunde vor, so ist diese vorzulegen.<\/li>\n<\/ul>\n<\/li>\n<li>Bei der Gr\u00fcndung einer Gesellschaft mit beschr\u00e4nkter Haftung muss eine Bescheinigung \u00fcber die Bewertung des eingebrachten Verm\u00f6gens vorgelegt werden.<\/li>\n<\/ul>\n<\/li>\n<\/ul>\n[\/vc_column_text][\/vc_column_inner][\/vc_row_inner][\/vc_column][vc_column column_padding=&#8220;no-extra-padding&#8220; column_padding_tablet=&#8220;inherit&#8220; column_padding_phone=&#8220;inherit&#8220; column_padding_position=&#8220;all&#8220; column_element_spacing=&#8220;default&#8220; background_color_opacity=&#8220;1&#8243; background_hover_color_opacity=&#8220;1&#8243; background_image=&#8220;1279&#8243; background_image_position=&#8220;center center&#8220; enable_bg_scale=&#8220;true&#8220; background_image_loading=&#8220;default&#8220; column_shadow=&#8220;none&#8220; column_border_radius=&#8220;none&#8220; column_link_target=&#8220;_self&#8220; column_position=&#8220;default&#8220; advanced_gradient_angle=&#8220;0&#8243; gradient_direction=&#8220;left_to_right&#8220; overlay_strength=&#8220;0.3&#8243; width=&#8220;1\/2&#8243; tablet_width_inherit=&#8220;default&#8220; tablet_text_alignment=&#8220;default&#8220; phone_text_alignment=&#8220;default&#8220; animation_type=&#8220;default&#8220; bg_image_animation=&#8220;none&#8220; border_type=&#8220;simple&#8220; column_border_width=&#8220;none&#8220; column_border_style=&#8220;solid&#8220; gradient_type=&#8220;default&#8220;][divider line_type=&#8220;No Line&#8220; custom_height_phone=&#8220;300&#8243;][\/vc_column][\/vc_row]\n","protected":false},"excerpt":{"rendered":"<p>[vc_row type=&#8220;full_width_content&#8220; full_screen_row_position=&#8220;middle&#8220; column_margin=&#8220;default&#8220; equal_height=&#8220;yes&#8220; content_placement=&#8220;middle&#8220; column_direction=&#8220;default&#8220; column_direction_tablet=&#8220;default&#8220; column_direction_phone=&#8220;default&#8220; bg_color=&#8220;#ffffff&#8220; scene_position=&#8220;center&#8220; top_padding=&#8220;4%&#8220; bottom_padding=&#8220;4%&#8220; text_color=&#8220;dark&#8220; text_align=&#8220;left&#8220; row_border_radius=&#8220;none&#8220; row_border_radius_applies=&#8220;bg&#8220; overflow=&#8220;visible&#8220; overlay_strength=&#8220;0.3&#8243; gradient_direction=&#8220;left_to_right&#8220; shape_divider_position=&#8220;bottom&#8220; bg_image_animation=&#8220;none&#8220; shape_type=&#8220;&#8220;][vc_column column_padding=&#8220;padding-10-percent&#8220; column_padding_tablet=&#8220;inherit&#8220; column_padding_phone=&#8220;inherit&#8220; column_padding_position=&#8220;all&#8220; column_element_spacing=&#8220;default&#8220; background_color_opacity=&#8220;1&#8243; background_hover_color_opacity=&#8220;1&#8243;&#8230;<\/p>\n","protected":false},"author":1,"featured_media":0,"parent":0,"menu_order":0,"comment_status":"closed","ping_status":"closed","template":"","meta":{"om_disable_all_campaigns":false,"_monsterinsights_skip_tracking":false,"_monsterinsights_sitenote_active":false,"_monsterinsights_sitenote_note":"","_monsterinsights_sitenote_category":0,"footnotes":""},"class_list":["post-1592","page","type-page","status-publish"],"aioseo_notices":[],"_links":{"self":[{"href":"https:\/\/notariasanmiguel.es\/de\/wp-json\/wp\/v2\/pages\/1592","targetHints":{"allow":["GET"]}}],"collection":[{"href":"https:\/\/notariasanmiguel.es\/de\/wp-json\/wp\/v2\/pages"}],"about":[{"href":"https:\/\/notariasanmiguel.es\/de\/wp-json\/wp\/v2\/types\/page"}],"author":[{"embeddable":true,"href":"https:\/\/notariasanmiguel.es\/de\/wp-json\/wp\/v2\/users\/1"}],"replies":[{"embeddable":true,"href":"https:\/\/notariasanmiguel.es\/de\/wp-json\/wp\/v2\/comments?post=1592"}],"version-history":[{"count":1,"href":"https:\/\/notariasanmiguel.es\/de\/wp-json\/wp\/v2\/pages\/1592\/revisions"}],"predecessor-version":[{"id":1596,"href":"https:\/\/notariasanmiguel.es\/de\/wp-json\/wp\/v2\/pages\/1592\/revisions\/1596"}],"wp:attachment":[{"href":"https:\/\/notariasanmiguel.es\/de\/wp-json\/wp\/v2\/media?parent=1592"}],"curies":[{"name":"wp","href":"https:\/\/api.w.org\/{rel}","templated":true}]}}