{"id":1576,"date":"2022-10-26T16:18:56","date_gmt":"2022-10-26T16:18:56","guid":{"rendered":"http:\/\/notariasanmiguel.es\/prestamo-hipotecario-de-la-vivienda\/"},"modified":"2022-11-14T09:48:32","modified_gmt":"2022-11-14T09:48:32","slug":"hypothekendarlehen","status":"publish","type":"page","link":"https:\/\/notariasanmiguel.es\/de\/hypothekendarlehen\/","title":{"rendered":"Hypothekendarlehen"},"content":{"rendered":"[vc_row type=&#8220;full_width_content&#8220; full_screen_row_position=&#8220;middle&#8220; column_margin=&#8220;default&#8220; equal_height=&#8220;yes&#8220; content_placement=&#8220;middle&#8220; column_direction=&#8220;default&#8220; column_direction_tablet=&#8220;default&#8220; column_direction_phone=&#8220;default&#8220; bg_color=&#8220;#ffffff&#8220; scene_position=&#8220;center&#8220; top_padding=&#8220;4%&#8220; bottom_padding=&#8220;4%&#8220; text_color=&#8220;dark&#8220; text_align=&#8220;left&#8220; row_border_radius=&#8220;none&#8220; row_border_radius_applies=&#8220;bg&#8220; overflow=&#8220;visible&#8220; overlay_strength=&#8220;0.3&#8243; gradient_direction=&#8220;left_to_right&#8220; shape_divider_position=&#8220;bottom&#8220; bg_image_animation=&#8220;none&#8220; shape_type=&#8220;&#8220;][vc_column column_padding=&#8220;padding-10-percent&#8220; column_padding_tablet=&#8220;inherit&#8220; column_padding_phone=&#8220;inherit&#8220; column_padding_position=&#8220;all&#8220; column_element_spacing=&#8220;default&#8220; background_color_opacity=&#8220;1&#8243; background_hover_color_opacity=&#8220;1&#8243; column_shadow=&#8220;none&#8220; column_border_radius=&#8220;none&#8220; column_link_target=&#8220;_self&#8220; column_position=&#8220;default&#8220; gradient_direction=&#8220;left_to_right&#8220; overlay_strength=&#8220;0.3&#8243; width=&#8220;1\/2&#8243; tablet_width_inherit=&#8220;default&#8220; tablet_text_alignment=&#8220;default&#8220; phone_text_alignment=&#8220;default&#8220; animation_type=&#8220;default&#8220; bg_image_animation=&#8220;none&#8220; border_type=&#8220;simple&#8220; column_border_width=&#8220;none&#8220; column_border_style=&#8220;solid&#8220;][vc_row_inner column_margin=&#8220;default&#8220; column_direction=&#8220;default&#8220; column_direction_tablet=&#8220;default&#8220; column_direction_phone=&#8220;default&#8220; text_align=&#8220;left&#8220; row_position=&#8220;default&#8220; row_position_tablet=&#8220;inherit&#8220; row_position_phone=&#8220;inherit&#8220; overflow=&#8220;visible&#8220; pointer_events=&#8220;all&#8220;][vc_column_inner column_padding=&#8220;no-extra-padding&#8220; column_padding_tablet=&#8220;inherit&#8220; column_padding_phone=&#8220;inherit&#8220; column_padding_position=&#8220;all&#8220; column_element_spacing=&#8220;default&#8220; background_color_opacity=&#8220;1&#8243; background_hover_color_opacity=&#8220;1&#8243; column_shadow=&#8220;none&#8220; column_border_radius=&#8220;none&#8220; column_link_target=&#8220;_self&#8220; gradient_direction=&#8220;left_to_right&#8220; overlay_strength=&#8220;0.3&#8243; width=&#8220;1\/1&#8243; tablet_width_inherit=&#8220;default&#8220; animation_type=&#8220;default&#8220; enable_animation=&#8220;true&#8220; animation=&#8220;fade-in-from-bottom&#8220; bg_image_animation=&#8220;none&#8220; border_type=&#8220;simple&#8220; column_border_width=&#8220;none&#8220; column_border_style=&#8220;solid&#8220;][vc_column_text]Der Kredit zum Kauf eines Hauses ist ein Vertrag, bei dem ein Finanzinstitut einer Person einen festen Geldbetrag zur Verf\u00fcgung stellt, der zusammen mit den Zinsen durch regelm\u00e4\u00dfige Zahlungen \u00fcber einen bestimmten Zeitraum zur\u00fcckgezahlt werden muss. Die Person, die das Geld erh\u00e4lt, garantiert dem Finanzinstitut die R\u00fcckzahlung, indem sie eine in ihrem Besitz befindliche Immobilie als Sicherheit anbietet.<\/p>\n<p>Nach dem Inkrafttreten des Gesetzes \u00fcber den Immobilienkredit ist es heute bei der Beantragung eines Hypothekendarlehens bei einer Bank unerl\u00e4sslich, nach der ersten Genehmigung des Gesch\u00e4fts durch die Bank die notarielle Transparenzerkl\u00e4rung vor einem Notar zu unterzeichnen.<\/p>\n<p>Dieser kostenlose Akt ist eine der wichtigsten Neuerungen, die mit dem oben genannten Gesetz eingef\u00fchrt wurden. Kreditnehmer, die eine Immobilie kaufen wollen, gehen zum Notar, um sich von ihm \u00fcber alle Punkte des Kredits, Zinsen, Laufzeit, Provisionen, Rabatte usw. beraten zu lassen. Dies ist von entscheidender Bedeutung, da kein Bankvertreter oder eine Agentur involviert ist und die Kunden dem Notar alle Fragen stellen k\u00f6nnen, die sie m\u00f6glicherweise haben, einschlie\u00dflich der steuerlichen Auswirkungen, Einkommenssteuererleichterungen usw.<\/p>\n<p>Damit soll sichergestellt werden, dass die Kreditnehmer keine Zweifel an dem Darlehen haben, das sie Tage sp\u00e4ter zusammen mit dem Kauf unterzeichnen werden.<\/p>\n<p>Der Kunde kann den Notar frei w\u00e4hlen. Es gen\u00fcgt, der Bank den Namen des Notars mitzuteilen, der beraten werden soll, damit die Bank alle Unterlagen auf unsere Plattform hochladen kann. Ab dem Tag, an dem die Unterlagen hochgeladen werden, m\u00fcssen 11 Tage bis zur Unterzeichnung der Darlehensurkunde und der Kauf- und Verkaufsurkunde vergehen, und w\u00e4hrend dieser 11 Tage wird ein Termin beim Notar vereinbart, um die angegebene Beratung zu erhalten.[\/vc_column_text][\/vc_column_inner][\/vc_row_inner][\/vc_column][vc_column column_padding=&#8220;no-extra-padding&#8220; column_padding_tablet=&#8220;inherit&#8220; column_padding_phone=&#8220;inherit&#8220; column_padding_position=&#8220;all&#8220; column_element_spacing=&#8220;default&#8220; background_color_opacity=&#8220;1&#8243; background_hover_color_opacity=&#8220;1&#8243; background_image=&#8220;1281&#8243; background_image_position=&#8220;center center&#8220; enable_bg_scale=&#8220;true&#8220; background_image_loading=&#8220;default&#8220; column_shadow=&#8220;none&#8220; column_border_radius=&#8220;none&#8220; column_link_target=&#8220;_self&#8220; column_position=&#8220;default&#8220; advanced_gradient_angle=&#8220;0&#8243; gradient_direction=&#8220;left_to_right&#8220; overlay_strength=&#8220;0.3&#8243; width=&#8220;1\/2&#8243; tablet_width_inherit=&#8220;default&#8220; tablet_text_alignment=&#8220;default&#8220; phone_text_alignment=&#8220;default&#8220; animation_type=&#8220;default&#8220; bg_image_animation=&#8220;none&#8220; border_type=&#8220;simple&#8220; column_border_width=&#8220;none&#8220; column_border_style=&#8220;solid&#8220; gradient_type=&#8220;default&#8220;][divider line_type=&#8220;No Line&#8220; custom_height_phone=&#8220;300&#8243;][\/vc_column][\/vc_row]\n","protected":false},"excerpt":{"rendered":"<p>[vc_row type=&#8220;full_width_content&#8220; full_screen_row_position=&#8220;middle&#8220; column_margin=&#8220;default&#8220; equal_height=&#8220;yes&#8220; content_placement=&#8220;middle&#8220; column_direction=&#8220;default&#8220; column_direction_tablet=&#8220;default&#8220; column_direction_phone=&#8220;default&#8220; bg_color=&#8220;#ffffff&#8220; scene_position=&#8220;center&#8220; top_padding=&#8220;4%&#8220; bottom_padding=&#8220;4%&#8220; text_color=&#8220;dark&#8220; text_align=&#8220;left&#8220; row_border_radius=&#8220;none&#8220; row_border_radius_applies=&#8220;bg&#8220; overflow=&#8220;visible&#8220; overlay_strength=&#8220;0.3&#8243; gradient_direction=&#8220;left_to_right&#8220; shape_divider_position=&#8220;bottom&#8220; bg_image_animation=&#8220;none&#8220; shape_type=&#8220;&#8220;][vc_column column_padding=&#8220;padding-10-percent&#8220; column_padding_tablet=&#8220;inherit&#8220; column_padding_phone=&#8220;inherit&#8220; column_padding_position=&#8220;all&#8220; column_element_spacing=&#8220;default&#8220; background_color_opacity=&#8220;1&#8243; background_hover_color_opacity=&#8220;1&#8243;&#8230;<\/p>\n","protected":false},"author":1,"featured_media":0,"parent":0,"menu_order":0,"comment_status":"closed","ping_status":"closed","template":"","meta":{"om_disable_all_campaigns":false,"_monsterinsights_skip_tracking":false,"_monsterinsights_sitenote_active":false,"_monsterinsights_sitenote_note":"","_monsterinsights_sitenote_category":0,"footnotes":""},"class_list":["post-1576","page","type-page","status-publish"],"aioseo_notices":[],"_links":{"self":[{"href":"https:\/\/notariasanmiguel.es\/de\/wp-json\/wp\/v2\/pages\/1576","targetHints":{"allow":["GET"]}}],"collection":[{"href":"https:\/\/notariasanmiguel.es\/de\/wp-json\/wp\/v2\/pages"}],"about":[{"href":"https:\/\/notariasanmiguel.es\/de\/wp-json\/wp\/v2\/types\/page"}],"author":[{"embeddable":true,"href":"https:\/\/notariasanmiguel.es\/de\/wp-json\/wp\/v2\/users\/1"}],"replies":[{"embeddable":true,"href":"https:\/\/notariasanmiguel.es\/de\/wp-json\/wp\/v2\/comments?post=1576"}],"version-history":[{"count":2,"href":"https:\/\/notariasanmiguel.es\/de\/wp-json\/wp\/v2\/pages\/1576\/revisions"}],"predecessor-version":[{"id":2044,"href":"https:\/\/notariasanmiguel.es\/de\/wp-json\/wp\/v2\/pages\/1576\/revisions\/2044"}],"wp:attachment":[{"href":"https:\/\/notariasanmiguel.es\/de\/wp-json\/wp\/v2\/media?parent=1576"}],"curies":[{"name":"wp","href":"https:\/\/api.w.org\/{rel}","templated":true}]}}