{"id":1993,"date":"2023-07-20T07:43:30","date_gmt":"2023-07-20T07:43:30","guid":{"rendered":"https:\/\/notariasanmiguel.es\/notaria-nosaltres\/"},"modified":"2025-11-18T12:12:31","modified_gmt":"2025-11-18T12:12:31","slug":"notaria-nosaltres","status":"publish","type":"page","link":"https:\/\/notariasanmiguel.es\/ca\/notaria-nosaltres\/","title":{"rendered":"Qui Som"},"content":{"rendered":"[vc_row type=&#8221;in_container&#8221; full_screen_row_position=&#8221;middle&#8221; column_margin=&#8221;default&#8221; column_direction=&#8221;default&#8221; column_direction_tablet=&#8221;default&#8221; column_direction_phone=&#8221;default&#8221; scene_position=&#8221;center&#8221; text_color=&#8221;dark&#8221; text_align=&#8221;left&#8221; row_border_radius=&#8221;none&#8221; row_border_radius_applies=&#8221;bg&#8221; overflow=&#8221;visible&#8221; overlay_strength=&#8221;0.3&#8243; gradient_direction=&#8221;left_to_right&#8221; shape_divider_position=&#8221;bottom&#8221; bg_image_animation=&#8221;none&#8221;][vc_column column_padding=&#8221;no-extra-padding&#8221; column_padding_tablet=&#8221;inherit&#8221; column_padding_phone=&#8221;inherit&#8221; column_padding_position=&#8221;all&#8221; column_element_spacing=&#8221;default&#8221; background_color_opacity=&#8221;1&#8243; background_hover_color_opacity=&#8221;1&#8243; column_shadow=&#8221;none&#8221; column_border_radius=&#8221;none&#8221; column_link_target=&#8221;_self&#8221; column_position=&#8221;default&#8221; gradient_direction=&#8221;left_to_right&#8221; overlay_strength=&#8221;0.3&#8243; width=&#8221;1\/3&#8243; tablet_width_inherit=&#8221;default&#8221; tablet_text_alignment=&#8221;default&#8221; phone_text_alignment=&#8221;default&#8221; animation_type=&#8221;default&#8221; bg_image_animation=&#8221;none&#8221; border_type=&#8221;simple&#8221; column_border_width=&#8221;none&#8221; column_border_style=&#8221;solid&#8221;][divider line_type=&#8221;No Line&#8221;][vc_gallery type=&#8221;nectarslider_style&#8221; images=&#8221;1201,1205&#8243; image_loading=&#8221;default&#8221; flexible_slider_height=&#8221;true&#8221; bullet_navigation_style=&#8221;see_through&#8221; onclick=&#8221;link_image&#8221;][\/vc_column][vc_column column_padding=&#8221;no-extra-padding&#8221; column_padding_tablet=&#8221;inherit&#8221; column_padding_phone=&#8221;inherit&#8221; column_padding_position=&#8221;all&#8221; column_element_spacing=&#8221;default&#8221; background_color_opacity=&#8221;1&#8243; background_hover_color_opacity=&#8221;1&#8243; column_shadow=&#8221;none&#8221; column_border_radius=&#8221;none&#8221; column_link_target=&#8221;_self&#8221; column_position=&#8221;default&#8221; gradient_direction=&#8221;left_to_right&#8221; overlay_strength=&#8221;0.3&#8243; width=&#8221;1\/3&#8243; tablet_width_inherit=&#8221;default&#8221; tablet_text_alignment=&#8221;default&#8221; phone_text_alignment=&#8221;default&#8221; animation_type=&#8221;default&#8221; bg_image_animation=&#8221;none&#8221; border_type=&#8221;simple&#8221; column_border_width=&#8221;none&#8221; column_border_style=&#8221;solid&#8221;][divider line_type=&#8221;No Line&#8221;][split_line_heading animation_type=&#8221;default&#8221;]\n<p style=\"text-align: justify;\"><span style=\"font-family: 'Times New Roman', Times; color: #000000;\">Ubicada al cor del nucli hist\u00f2ric de l&#8217;encantadora ciutat de Palma, la nostra notaria \u00e9s un veritable s\u00edmbol d&#8217;excel\u00b7l\u00e8ncia i de confian\u00e7a en l&#8217;\u00e0mbit legal. Amb una ubicaci\u00f3 tan significativa, ens sentim orgullosos de ser part de la rica hist\u00f2ria d&#8217;aquesta ciutat i, alhora, d&#8217;oferir un servei notarial que s&#8217;adapta a les necessitats del present. <\/span><\/p>\n<p>&nbsp;<\/p>\n<p style=\"text-align: justify;\"><span style=\"font-family: 'Times New Roman', Times; color: #000000;\">Aqu\u00ed trobar\u00e0s un equip de professionals capacitats i compromesos, disposats a oferir solucions legals per a cadascun dels teus desafiaments. Assessorament en mat\u00e8ria de successions, compravenda de propietats, constituci\u00f3 de societats o qualsevol altre aspecte jur\u00eddic. El nostre enfocament personalitzat garanteix que rebr\u00e0s l&#8217;atenci\u00f3 i la cura que mereixes.<\/span><\/p>\n[\/split_line_heading][\/vc_column][vc_column column_padding=&#8221;no-extra-padding&#8221; column_padding_tablet=&#8221;inherit&#8221; column_padding_phone=&#8221;inherit&#8221; column_padding_position=&#8221;all&#8221; column_element_spacing=&#8221;default&#8221; background_color_opacity=&#8221;1&#8243; background_hover_color_opacity=&#8221;1&#8243; column_shadow=&#8221;none&#8221; column_border_radius=&#8221;none&#8221; column_link_target=&#8221;_self&#8221; column_position=&#8221;default&#8221; gradient_direction=&#8221;left_to_right&#8221; overlay_strength=&#8221;0.3&#8243; width=&#8221;1\/3&#8243; tablet_width_inherit=&#8221;default&#8221; tablet_text_alignment=&#8221;default&#8221; phone_text_alignment=&#8221;default&#8221; animation_type=&#8221;default&#8221; bg_image_animation=&#8221;none&#8221; border_type=&#8221;simple&#8221; column_border_width=&#8221;none&#8221; column_border_style=&#8221;solid&#8221;][divider line_type=&#8221;No Line&#8221;][vc_gallery type=&#8221;nectarslider_style&#8221; images=&#8221;1854,1971,1975&#8243; image_loading=&#8221;default&#8221; bullet_navigation_style=&#8221;see_through&#8221; onclick=&#8221;link_no&#8221;][\/vc_column][\/vc_row][vc_row type=&#8221;in_container&#8221; full_screen_row_position=&#8221;middle&#8221; column_margin=&#8221;default&#8221; column_direction=&#8221;default&#8221; column_direction_tablet=&#8221;default&#8221; column_direction_phone=&#8221;default&#8221; scene_position=&#8221;center&#8221; text_color=&#8221;dark&#8221; text_align=&#8221;left&#8221; row_border_radius=&#8221;none&#8221; row_border_radius_applies=&#8221;bg&#8221; overflow=&#8221;visible&#8221; overlay_strength=&#8221;0.3&#8243; gradient_direction=&#8221;left_to_right&#8221; shape_divider_position=&#8221;bottom&#8221; bg_image_animation=&#8221;none&#8221;][vc_column column_padding=&#8221;no-extra-padding&#8221; column_padding_tablet=&#8221;inherit&#8221; column_padding_phone=&#8221;inherit&#8221; column_padding_position=&#8221;all&#8221; column_element_spacing=&#8221;default&#8221; background_color_opacity=&#8221;1&#8243; background_hover_color_opacity=&#8221;1&#8243; column_shadow=&#8221;none&#8221; column_border_radius=&#8221;none&#8221; column_link_target=&#8221;_self&#8221; column_position=&#8221;default&#8221; gradient_direction=&#8221;left_to_right&#8221; overlay_strength=&#8221;0.3&#8243; width=&#8221;1\/3&#8243; tablet_width_inherit=&#8221;default&#8221; tablet_text_alignment=&#8221;default&#8221; phone_text_alignment=&#8221;default&#8221; animation_type=&#8221;default&#8221; bg_image_animation=&#8221;none&#8221; border_type=&#8221;simple&#8221; column_border_width=&#8221;none&#8221; column_border_style=&#8221;solid&#8221;][vc_text_separator title=&#8221;Horari&#8221; i_type=&#8221;typicons&#8221; i_icon_typicons=&#8221;typcn typcn-time&#8221; i_color=&#8221;black&#8221; color=&#8221;black&#8221; add_icon=&#8221;true&#8221;][vc_column_text]\n<p style=\"text-align: center;\"><span style=\"text-decoration: underline;\"><span style=\"font-family: 'Times New Roman', Times;\">Horari hivern (octubre-maig):<\/span><\/span><\/p>\n<p style=\"text-align: center;\"><span style=\"font-family: 'Times New Roman', Times;\">Dilluns, dimecres i divendres: 09.00 a 14.00 hores i dimarts i dijous de 8.30 a 14.30 hores i de 17.00 a 19.00 hores.<\/span><\/p>\n<p>&nbsp;<\/p>\n<p style=\"text-align: center;\"><span style=\"font-family: 'Times New Roman', Times;\"><span style=\"text-decoration: underline;\">Horari estiu (juny-setembre):<\/span> <\/span><\/p>\n<p style=\"text-align: center;\"><span style=\"font-family: 'Times New Roman', Times;\">Dilluns, dimarts, dimecres i divendres: 09.00 a 14.00 hores i dijous de 09.00 a 14.00 hores i de 17.00 a 19.00 hores.<\/span><\/p>\n[\/vc_column_text][\/vc_column][vc_column column_padding=&#8221;no-extra-padding&#8221; column_padding_tablet=&#8221;inherit&#8221; column_padding_phone=&#8221;inherit&#8221; column_padding_position=&#8221;all&#8221; column_element_spacing=&#8221;default&#8221; background_color_opacity=&#8221;1&#8243; background_hover_color_opacity=&#8221;1&#8243; column_shadow=&#8221;none&#8221; column_border_radius=&#8221;none&#8221; column_link_target=&#8221;_self&#8221; column_position=&#8221;default&#8221; gradient_direction=&#8221;left_to_right&#8221; overlay_strength=&#8221;0.3&#8243; width=&#8221;1\/3&#8243; tablet_width_inherit=&#8221;default&#8221; tablet_text_alignment=&#8221;default&#8221; phone_text_alignment=&#8221;default&#8221; animation_type=&#8221;default&#8221; bg_image_animation=&#8221;none&#8221; border_type=&#8221;simple&#8221; column_border_width=&#8221;none&#8221; column_border_style=&#8221;solid&#8221;][divider line_type=&#8221;No Line&#8221; custom_height=&#8221;5&#8243;][image_with_animation image_url=&#8221;1979&#8243; image_size=&#8221;medium_large&#8221; animation_type=&#8221;entrance&#8221; animation=&#8221;Fade In&#8221; hover_animation=&#8221;none&#8221; alignment=&#8221;&#8221; border_radius=&#8221;none&#8221; box_shadow=&#8221;none&#8221; image_loading=&#8221;default&#8221; max_width=&#8221;100%&#8221; max_width_mobile=&#8221;default&#8221;][\/vc_column][vc_column column_padding=&#8221;no-extra-padding&#8221; column_padding_tablet=&#8221;inherit&#8221; column_padding_phone=&#8221;inherit&#8221; column_padding_position=&#8221;all&#8221; column_element_spacing=&#8221;default&#8221; background_color_opacity=&#8221;1&#8243; background_hover_color_opacity=&#8221;1&#8243; column_shadow=&#8221;none&#8221; column_border_radius=&#8221;none&#8221; column_link_target=&#8221;_self&#8221; column_position=&#8221;default&#8221; gradient_direction=&#8221;left_to_right&#8221; overlay_strength=&#8221;0.3&#8243; width=&#8221;1\/3&#8243; tablet_width_inherit=&#8221;default&#8221; tablet_text_alignment=&#8221;default&#8221; phone_text_alignment=&#8221;default&#8221; animation_type=&#8221;default&#8221; bg_image_animation=&#8221;none&#8221; border_type=&#8221;simple&#8221; column_border_width=&#8221;none&#8221; column_border_style=&#8221;solid&#8221;][vc_text_separator title=&#8221;Ubicaci\u00f3&#8221; i_type=&#8221;typicons&#8221; i_icon_typicons=&#8221;typcn typcn-location-outline&#8221; i_color=&#8221;black&#8221; color=&#8221;black&#8221; add_icon=&#8221;true&#8221;][vc_raw_html]JTNDZGl2JTIwc3R5bGUlM0QlMjJ0ZXh0LWRlY29yYXRpb24lM0Fub25lJTNCJTIwb3ZlcmZsb3clM0FoaWRkZW4lM0JtYXgtd2lkdGglM0ExMDAlMjUlM0J3aWR0aCUzQTQwMHB4JTNCaGVpZ2h0JTNBNDQwcHglM0IlMjIlM0UlM0NkaXYlMjBpZCUzRCUyMm15LW1hcC1kaXNwbGF5JTIyJTIwc3R5bGUlM0QlMjJoZWlnaHQlM0ExMDAlMjUlM0IlMjB3aWR0aCUzQTEwMCUyNSUzQm1heC13aWR0aCUzQTEwMCUyNSUzQiUyMiUzRSUzQ2lmcmFtZSUyMHN0eWxlJTNEJTIyaGVpZ2h0JTNBMTAwJTI1JTNCd2lkdGglM0ExMDAlMjUlM0Jib3JkZXIlM0EwJTNCJTIyJTIwZnJhbWVib3JkZXIlM0QlMjIwJTIyJTIwc3JjJTNEJTIyaHR0cHMlM0ElMkYlMkZ3d3cuZ29vZ2xlLmNvbSUyRm1hcHMlMkZlbWJlZCUyRnYxJTJGcGxhY2UlM0ZxJTNEQ2FycmVyJTJCZGUlMkJTYW50JTJCTWlxdWVsJTJDJTJCMjglMkMlMkJQYWxtYSUyQyUyQkVzcGElQzMlQjFhJTI2a2V5JTNEQUl6YVN5QkZ3MFFieXE5elRGVGQtdFVZNmRaV1RnYVF6dVUxN1I4JTIyJTNFJTNDJTJGaWZyYW1lJTNFJTNDJTJGZGl2JTNFJTNDYSUyMGNsYXNzJTNEJTIyZ29vZ2xlbWFwcy1tYWRlJTIyJTIwaHJlZiUzRCUyMmh0dHBzJTNBJTJGJTJGd3d3LmJvb3RzdHJhcHNraW5zLmNvbSUyRnRoZW1lcyUyMiUyMGlkJTNEJTIyZ3JhYi1tYXBzLWF1dGhvcml6YXRpb24lMjIlM0VwcmVtaXVtJTIwYm9vdHN0cmFwJTIwdGhlbWVzJTNDJTJGYSUzRSUzQ3N0eWxlJTNFJTIzbXktbWFwLWRpc3BsYXklMjBpbWclN0JtYXgtd2lkdGglM0Fub25lJTIxaW1wb3J0YW50JTNCYmFja2dyb3VuZCUzQW5vbmUlMjFpbXBvcnRhbnQlM0Jmb250LXNpemUlM0ElMjBpbmhlcml0JTNCZm9udC13ZWlnaHQlM0Fpbmhlcml0JTNCJTdEJTNDJTJGc3R5bGUlM0UlM0MlMkZkaXYlM0U=[\/vc_raw_html][\/vc_column][\/vc_row]\n","protected":false},"excerpt":{"rendered":"<p>[vc_row type=&#8221;in_container&#8221; full_screen_row_position=&#8221;middle&#8221; column_margin=&#8221;default&#8221; column_direction=&#8221;default&#8221; column_direction_tablet=&#8221;default&#8221; column_direction_phone=&#8221;default&#8221; scene_position=&#8221;center&#8221; text_color=&#8221;dark&#8221; text_align=&#8221;left&#8221; row_border_radius=&#8221;none&#8221; row_border_radius_applies=&#8221;bg&#8221; overflow=&#8221;visible&#8221; overlay_strength=&#8221;0.3&#8243; gradient_direction=&#8221;left_to_right&#8221; shape_divider_position=&#8221;bottom&#8221; bg_image_animation=&#8221;none&#8221;][vc_column column_padding=&#8221;no-extra-padding&#8221; column_padding_tablet=&#8221;inherit&#8221; column_padding_phone=&#8221;inherit&#8221; column_padding_position=&#8221;all&#8221; column_element_spacing=&#8221;default&#8221; background_color_opacity=&#8221;1&#8243; background_hover_color_opacity=&#8221;1&#8243; column_shadow=&#8221;none&#8221; column_border_radius=&#8221;none&#8221; column_link_target=&#8221;_self&#8221; column_position=&#8221;default&#8221; gradient_direction=&#8221;left_to_right&#8221; overlay_strength=&#8221;0.3&#8243;&#8230;<\/p>\n","protected":false},"author":2,"featured_media":0,"parent":0,"menu_order":0,"comment_status":"closed","ping_status":"closed","template":"","meta":{"om_disable_all_campaigns":false,"_monsterinsights_skip_tracking":false,"_monsterinsights_sitenote_active":false,"_monsterinsights_sitenote_note":"","_monsterinsights_sitenote_category":0,"footnotes":""},"class_list":["post-1993","page","type-page","status-publish"],"aioseo_notices":[],"_links":{"self":[{"href":"https:\/\/notariasanmiguel.es\/ca\/wp-json\/wp\/v2\/pages\/1993","targetHints":{"allow":["GET"]}}],"collection":[{"href":"https:\/\/notariasanmiguel.es\/ca\/wp-json\/wp\/v2\/pages"}],"about":[{"href":"https:\/\/notariasanmiguel.es\/ca\/wp-json\/wp\/v2\/types\/page"}],"author":[{"embeddable":true,"href":"https:\/\/notariasanmiguel.es\/ca\/wp-json\/wp\/v2\/users\/2"}],"replies":[{"embeddable":true,"href":"https:\/\/notariasanmiguel.es\/ca\/wp-json\/wp\/v2\/comments?post=1993"}],"version-history":[{"count":7,"href":"https:\/\/notariasanmiguel.es\/ca\/wp-json\/wp\/v2\/pages\/1993\/revisions"}],"predecessor-version":[{"id":2371,"href":"https:\/\/notariasanmiguel.es\/ca\/wp-json\/wp\/v2\/pages\/1993\/revisions\/2371"}],"wp:attachment":[{"href":"https:\/\/notariasanmiguel.es\/ca\/wp-json\/wp\/v2\/media?parent=1993"}],"curies":[{"name":"wp","href":"https:\/\/api.w.org\/{rel}","templated":true}]}}